{"id":18,"date":"2026-01-25T09:09:18","date_gmt":"2026-01-25T09:09:18","guid":{"rendered":"https:\/\/peptidemanufacturers.com\/?page_id=18"},"modified":"2026-01-25T09:09:18","modified_gmt":"2026-01-25T09:09:18","slug":"galletas","status":"publish","type":"page","link":"https:\/\/peptidemanufacturers.com\/es\/galletas\/","title":{"rendered":"Pol\u00edtica de cookies"},"content":{"rendered":"<h2>Qu\u00e9 son las cookies<\/h2>\n<p>Las cookies son peque\u00f1os archivos de texto que se almacenan en su dispositivo cuando visita nuestro sitio web. Nos ayudan a ofrecerle una mejor experiencia.<\/p>\n<h2>C\u00f3mo utilizamos las cookies<\/h2>\n<p>Utilizamos cookies para recordar sus preferencias, analizar el tr\u00e1fico del sitio web y personalizar el contenido.<\/p>\n<h2>Gesti\u00f3n de cookies<\/h2>\n<p>Puede controlar las cookies a trav\u00e9s de la configuraci\u00f3n de su navegador. Deshabilitar las cookies puede afectar a la funcionalidad del sitio web.<\/p>\n<h2>Contacte con nosotros<\/h2>\n<p>Si tiene alguna pregunta sobre nuestra Pol\u00edtica de Cookies, p\u00f3ngase en contacto con nosotros en contact@pioneerpeptide.com<\/p>","protected":false},"excerpt":{"rendered":"<p>Qu\u00e9 son las cookies Las cookies son peque\u00f1os archivos de texto que se almacenan en su dispositivo cuando visita nuestro sitio web. Nos ayudan a ofrecerle una mejor experiencia. C\u00f3mo utilizamos las cookies Utilizamos cookies para recordar sus preferencias, analizar el tr\u00e1fico del sitio web y personalizar el contenido. Gesti\u00f3n de las cookies Puede controlar las cookies a trav\u00e9s de la configuraci\u00f3n de su navegador. [...]<\/p>","protected":false},"author":1,"featured_media":0,"parent":0,"menu_order":0,"comment_status":"closed","ping_status":"closed","template":"page-cookies.php","meta":{"footnotes":""},"class_list":["post-18","page","type-page","status-publish","hentry"],"yoast_head":"<!-- This site is optimized with the Yoast SEO Premium plugin v26.8 (Yoast SEO v26.8) - https:\/\/yoast.com\/product\/yoast-seo-premium-wordpress\/ -->\n<title>Cookie Policy - QIANMIAO PEPTIDES<\/title>\n<meta name=\"robots\" content=\"index, follow, max-snippet:-1, max-image-preview:large, max-video-preview:-1\" \/>\n<link rel=\"canonical\" href=\"https:\/\/peptidemanufacturers.com\/es\/galletas\/\" \/>\n<meta property=\"og:locale\" content=\"es_ES\" \/>\n<meta property=\"og:type\" content=\"article\" \/>\n<meta property=\"og:title\" content=\"Cookie Policy\" \/>\n<meta property=\"og:description\" content=\"What Are Cookies Cookies are small text files that are stored on your device when you visit our website. They help us provide you with a better experience. How We Use Cookies We use cookies to remember your preferences, analyze website traffic, and personalize content. Managing Cookies You can control cookies through your browser settings. [&hellip;]\" \/>\n<meta property=\"og:url\" content=\"https:\/\/peptidemanufacturers.com\/es\/galletas\/\" \/>\n<meta property=\"og:site_name\" content=\"QIANMIAO PEPTIDES\" \/>\n<meta name=\"twitter:card\" content=\"summary_large_image\" \/>\n<script type=\"application\/ld+json\" class=\"yoast-schema-graph\">{\"@context\":\"https:\/\/schema.org\",\"@graph\":[{\"@type\":\"WebPage\",\"@id\":\"https:\/\/peptidemanufacturers.com\/cookies\/\",\"url\":\"https:\/\/peptidemanufacturers.com\/cookies\/\",\"name\":\"Cookie Policy - QIANMIAO PEPTIDES\",\"isPartOf\":{\"@id\":\"https:\/\/peptidemanufacturers.com\/#website\"},\"datePublished\":\"2026-01-25T09:09:18+00:00\",\"breadcrumb\":{\"@id\":\"https:\/\/peptidemanufacturers.com\/cookies\/#breadcrumb\"},\"inLanguage\":\"es\",\"potentialAction\":[{\"@type\":\"ReadAction\",\"target\":[\"https:\/\/peptidemanufacturers.com\/cookies\/\"]}]},{\"@type\":\"BreadcrumbList\",\"@id\":\"https:\/\/peptidemanufacturers.com\/cookies\/#breadcrumb\",\"itemListElement\":[{\"@type\":\"ListItem\",\"position\":1,\"name\":\"Home\",\"item\":\"https:\/\/peptidemanufacturers.com\/\"},{\"@type\":\"ListItem\",\"position\":2,\"name\":\"Cookie Policy\"}]},{\"@type\":\"WebSite\",\"@id\":\"https:\/\/peptidemanufacturers.com\/#website\",\"url\":\"https:\/\/peptidemanufacturers.com\/\",\"name\":\"QIANMIAO PEPTIDES\",\"description\":\"Research Peptides &amp; Laboratory Supplies\",\"potentialAction\":[{\"@type\":\"SearchAction\",\"target\":{\"@type\":\"EntryPoint\",\"urlTemplate\":\"https:\/\/peptidemanufacturers.com\/?s={search_term_string}\"},\"query-input\":{\"@type\":\"PropertyValueSpecification\",\"valueRequired\":true,\"valueName\":\"search_term_string\"}}],\"inLanguage\":\"es\"}]}<\/script>\n<!-- \/ Yoast SEO Premium plugin. -->","yoast_head_json":{"title":"Pol\u00edtica de cookies - QIANMIAO PEPTIDES","robots":{"index":"index","follow":"follow","max-snippet":"max-snippet:-1","max-image-preview":"max-image-preview:large","max-video-preview":"max-video-preview:-1"},"canonical":"https:\/\/peptidemanufacturers.com\/es\/galletas\/","og_locale":"es_ES","og_type":"article","og_title":"Cookie Policy","og_description":"What Are Cookies Cookies are small text files that are stored on your device when you visit our website. They help us provide you with a better experience. How We Use Cookies We use cookies to remember your preferences, analyze website traffic, and personalize content. Managing Cookies You can control cookies through your browser settings. [&hellip;]","og_url":"https:\/\/peptidemanufacturers.com\/es\/galletas\/","og_site_name":"QIANMIAO PEPTIDES","twitter_card":"summary_large_image","schema":{"@context":"https:\/\/schema.org","@graph":[{"@type":"WebPage","@id":"https:\/\/peptidemanufacturers.com\/cookies\/","url":"https:\/\/peptidemanufacturers.com\/cookies\/","name":"Pol\u00edtica de cookies - QIANMIAO PEPTIDES","isPartOf":{"@id":"https:\/\/peptidemanufacturers.com\/#website"},"datePublished":"2026-01-25T09:09:18+00:00","breadcrumb":{"@id":"https:\/\/peptidemanufacturers.com\/cookies\/#breadcrumb"},"inLanguage":"es","potentialAction":[{"@type":"ReadAction","target":["https:\/\/peptidemanufacturers.com\/cookies\/"]}]},{"@type":"BreadcrumbList","@id":"https:\/\/peptidemanufacturers.com\/cookies\/#breadcrumb","itemListElement":[{"@type":"ListItem","position":1,"name":"Home","item":"https:\/\/peptidemanufacturers.com\/"},{"@type":"ListItem","position":2,"name":"Cookie Policy"}]},{"@type":"WebSite","@id":"https:\/\/peptidemanufacturers.com\/#website","url":"https:\/\/peptidemanufacturers.com\/","name":"P\u00c9PTIDOS QIANMIAO","description":"P\u00e9ptidos de investigaci\u00f3n y material de laboratorio","potentialAction":[{"@type":"SearchAction","target":{"@type":"EntryPoint","urlTemplate":"https:\/\/peptidemanufacturers.com\/?s={search_term_string}"},"query-input":{"@type":"PropertyValueSpecification","valueRequired":true,"valueName":"search_term_string"}}],"inLanguage":"es"}]}},"jetpack_sharing_enabled":true,"_links":{"self":[{"href":"https:\/\/peptidemanufacturers.com\/es\/wp-json\/wp\/v2\/pages\/18","targetHints":{"allow":["GET"]}}],"collection":[{"href":"https:\/\/peptidemanufacturers.com\/es\/wp-json\/wp\/v2\/pages"}],"about":[{"href":"https:\/\/peptidemanufacturers.com\/es\/wp-json\/wp\/v2\/types\/page"}],"author":[{"embeddable":true,"href":"https:\/\/peptidemanufacturers.com\/es\/wp-json\/wp\/v2\/users\/1"}],"replies":[{"embeddable":true,"href":"https:\/\/peptidemanufacturers.com\/es\/wp-json\/wp\/v2\/comments?post=18"}],"version-history":[{"count":0,"href":"https:\/\/peptidemanufacturers.com\/es\/wp-json\/wp\/v2\/pages\/18\/revisions"}],"wp:attachment":[{"href":"https:\/\/peptidemanufacturers.com\/es\/wp-json\/wp\/v2\/media?parent=18"}],"curies":[{"name":"wp","href":"https:\/\/api.w.org\/{rel}","templated":true}]}}