{"id":17,"date":"2026-01-25T09:09:18","date_gmt":"2026-01-25T09:09:18","guid":{"rendered":"https:\/\/peptidemanufacturers.com\/?page_id=17"},"modified":"2026-01-29T09:06:40","modified_gmt":"2026-01-29T09:06:40","slug":"terminos","status":"publish","type":"page","link":"https:\/\/peptidemanufacturers.com\/es\/terminos\/","title":{"rendered":"Condiciones de uso"},"content":{"rendered":"<h2>Aceptaci\u00f3n de las condiciones<\/h2>\n<p>Al acceder y utilizar el sitio web y los servicios de PIONEER PEPTIDE, acepta quedar vinculado por estas Condiciones de servicio.<\/p>\n<h2>Utilizaci\u00f3n de los servicios<\/h2>\n<p>Usted se compromete a utilizar nuestros servicios \u00fanicamente con fines l\u00edcitos y de conformidad con las presentes Condiciones.<\/p>\n<h2>Propiedad intelectual<\/h2>\n<p>Todo el contenido de este sitio web es propiedad de PIONEER PEPTIDE y est\u00e1 protegido por derechos de autor y otras leyes de propiedad intelectual.<\/p>\n<h2>Contacte con nosotros<\/h2>\n<p>Si tiene alguna pregunta sobre estas Condiciones, p\u00f3ngase en contacto con nosotros en contact@pioneerpeptide.com.<\/p>","protected":false},"excerpt":{"rendered":"<p>Aceptaci\u00f3n de las Condiciones Al acceder y utilizar el sitio web y los servicios de PIONEER PEPTIDE, acepta quedar vinculado por las presentes Condiciones de servicio. Uso de los servicios Usted se compromete a utilizar nuestros servicios \u00fanicamente con fines l\u00edcitos y de conformidad con las presentes Condiciones. Propiedad intelectual Todo el contenido de este sitio web es propiedad de PIONEER PEPTIDE [...]<\/p>","protected":false},"author":1,"featured_media":0,"parent":0,"menu_order":0,"comment_status":"closed","ping_status":"closed","template":"page-legal.php","meta":{"footnotes":""},"class_list":["post-17","page","type-page","status-publish","hentry"],"yoast_head":"<!-- This site is optimized with the Yoast SEO Premium plugin v26.8 (Yoast SEO v26.8) - https:\/\/yoast.com\/product\/yoast-seo-premium-wordpress\/ -->\n<title>Terms of Service - QIANMIAO PEPTIDES<\/title>\n<meta name=\"description\" content=\"Terms and conditions for using QIANMIAO Peptide services. Read our policies on orders, shipping, returns, and research use requirements.\" \/>\n<meta name=\"robots\" content=\"index, follow, max-snippet:-1, max-image-preview:large, max-video-preview:-1\" \/>\n<link rel=\"canonical\" href=\"https:\/\/peptidemanufacturers.com\/es\/terminos\/\" \/>\n<meta property=\"og:locale\" content=\"es_ES\" \/>\n<meta property=\"og:type\" content=\"article\" \/>\n<meta property=\"og:title\" content=\"Terms of Service\" \/>\n<meta property=\"og:description\" content=\"Terms and conditions for using QIANMIAO Peptide services. Read our policies on orders, shipping, returns, and research use requirements.\" \/>\n<meta property=\"og:url\" content=\"https:\/\/peptidemanufacturers.com\/es\/terminos\/\" \/>\n<meta property=\"og:site_name\" content=\"QIANMIAO PEPTIDES\" \/>\n<meta property=\"article:modified_time\" content=\"2026-01-29T09:06:40+00:00\" \/>\n<meta name=\"twitter:card\" content=\"summary_large_image\" \/>\n<meta name=\"twitter:label1\" content=\"Tiempo de lectura\" \/>\n\t<meta name=\"twitter:data1\" content=\"1 minuto\" \/>\n<script type=\"application\/ld+json\" class=\"yoast-schema-graph\">{\"@context\":\"https:\/\/schema.org\",\"@graph\":[{\"@type\":\"WebPage\",\"@id\":\"https:\/\/peptidemanufacturers.com\/terms\/\",\"url\":\"https:\/\/peptidemanufacturers.com\/terms\/\",\"name\":\"Terms of Service - QIANMIAO PEPTIDES\",\"isPartOf\":{\"@id\":\"https:\/\/peptidemanufacturers.com\/#website\"},\"datePublished\":\"2026-01-25T09:09:18+00:00\",\"dateModified\":\"2026-01-29T09:06:40+00:00\",\"description\":\"Terms and conditions for using QIANMIAO Peptide services. Read our policies on orders, shipping, returns, and research use requirements.\",\"breadcrumb\":{\"@id\":\"https:\/\/peptidemanufacturers.com\/terms\/#breadcrumb\"},\"inLanguage\":\"es\",\"potentialAction\":[{\"@type\":\"ReadAction\",\"target\":[\"https:\/\/peptidemanufacturers.com\/terms\/\"]}]},{\"@type\":\"BreadcrumbList\",\"@id\":\"https:\/\/peptidemanufacturers.com\/terms\/#breadcrumb\",\"itemListElement\":[{\"@type\":\"ListItem\",\"position\":1,\"name\":\"Home\",\"item\":\"https:\/\/peptidemanufacturers.com\/\"},{\"@type\":\"ListItem\",\"position\":2,\"name\":\"Terms of Service\"}]},{\"@type\":\"WebSite\",\"@id\":\"https:\/\/peptidemanufacturers.com\/#website\",\"url\":\"https:\/\/peptidemanufacturers.com\/\",\"name\":\"QIANMIAO PEPTIDES\",\"description\":\"Research Peptides &amp; Laboratory Supplies\",\"potentialAction\":[{\"@type\":\"SearchAction\",\"target\":{\"@type\":\"EntryPoint\",\"urlTemplate\":\"https:\/\/peptidemanufacturers.com\/?s={search_term_string}\"},\"query-input\":{\"@type\":\"PropertyValueSpecification\",\"valueRequired\":true,\"valueName\":\"search_term_string\"}}],\"inLanguage\":\"es\"}]}<\/script>\n<!-- \/ Yoast SEO Premium plugin. -->","yoast_head_json":{"title":"Condiciones del servicio - QIANMIAO PEPTIDES","description":"T\u00e9rminos y condiciones de uso de los servicios de QIANMIAO Peptide. Lea nuestras pol\u00edticas sobre pedidos, env\u00edos, devoluciones y requisitos de uso en investigaci\u00f3n.","robots":{"index":"index","follow":"follow","max-snippet":"max-snippet:-1","max-image-preview":"max-image-preview:large","max-video-preview":"max-video-preview:-1"},"canonical":"https:\/\/peptidemanufacturers.com\/es\/terminos\/","og_locale":"es_ES","og_type":"article","og_title":"Terms of Service","og_description":"Terms and conditions for using QIANMIAO Peptide services. Read our policies on orders, shipping, returns, and research use requirements.","og_url":"https:\/\/peptidemanufacturers.com\/es\/terminos\/","og_site_name":"QIANMIAO PEPTIDES","article_modified_time":"2026-01-29T09:06:40+00:00","twitter_card":"summary_large_image","twitter_misc":{"Tiempo de lectura":"1 minuto"},"schema":{"@context":"https:\/\/schema.org","@graph":[{"@type":"WebPage","@id":"https:\/\/peptidemanufacturers.com\/terms\/","url":"https:\/\/peptidemanufacturers.com\/terms\/","name":"Condiciones del servicio - QIANMIAO PEPTIDES","isPartOf":{"@id":"https:\/\/peptidemanufacturers.com\/#website"},"datePublished":"2026-01-25T09:09:18+00:00","dateModified":"2026-01-29T09:06:40+00:00","description":"T\u00e9rminos y condiciones de uso de los servicios de QIANMIAO Peptide. Lea nuestras pol\u00edticas sobre pedidos, env\u00edos, devoluciones y requisitos de uso en investigaci\u00f3n.","breadcrumb":{"@id":"https:\/\/peptidemanufacturers.com\/terms\/#breadcrumb"},"inLanguage":"es","potentialAction":[{"@type":"ReadAction","target":["https:\/\/peptidemanufacturers.com\/terms\/"]}]},{"@type":"BreadcrumbList","@id":"https:\/\/peptidemanufacturers.com\/terms\/#breadcrumb","itemListElement":[{"@type":"ListItem","position":1,"name":"Home","item":"https:\/\/peptidemanufacturers.com\/"},{"@type":"ListItem","position":2,"name":"Terms of Service"}]},{"@type":"WebSite","@id":"https:\/\/peptidemanufacturers.com\/#website","url":"https:\/\/peptidemanufacturers.com\/","name":"P\u00c9PTIDOS QIANMIAO","description":"P\u00e9ptidos de investigaci\u00f3n y material de laboratorio","potentialAction":[{"@type":"SearchAction","target":{"@type":"EntryPoint","urlTemplate":"https:\/\/peptidemanufacturers.com\/?s={search_term_string}"},"query-input":{"@type":"PropertyValueSpecification","valueRequired":true,"valueName":"search_term_string"}}],"inLanguage":"es"}]}},"jetpack_sharing_enabled":true,"_links":{"self":[{"href":"https:\/\/peptidemanufacturers.com\/es\/wp-json\/wp\/v2\/pages\/17","targetHints":{"allow":["GET"]}}],"collection":[{"href":"https:\/\/peptidemanufacturers.com\/es\/wp-json\/wp\/v2\/pages"}],"about":[{"href":"https:\/\/peptidemanufacturers.com\/es\/wp-json\/wp\/v2\/types\/page"}],"author":[{"embeddable":true,"href":"https:\/\/peptidemanufacturers.com\/es\/wp-json\/wp\/v2\/users\/1"}],"replies":[{"embeddable":true,"href":"https:\/\/peptidemanufacturers.com\/es\/wp-json\/wp\/v2\/comments?post=17"}],"version-history":[{"count":1,"href":"https:\/\/peptidemanufacturers.com\/es\/wp-json\/wp\/v2\/pages\/17\/revisions"}],"predecessor-version":[{"id":487,"href":"https:\/\/peptidemanufacturers.com\/es\/wp-json\/wp\/v2\/pages\/17\/revisions\/487"}],"wp:attachment":[{"href":"https:\/\/peptidemanufacturers.com\/es\/wp-json\/wp\/v2\/media?parent=17"}],"curies":[{"name":"wp","href":"https:\/\/api.w.org\/{rel}","templated":true}]}}