{"id":16,"date":"2026-01-25T09:09:18","date_gmt":"2026-01-25T09:09:18","guid":{"rendered":"https:\/\/peptidemanufacturers.com\/?page_id=16"},"modified":"2026-01-25T09:09:18","modified_gmt":"2026-01-25T09:09:18","slug":"privacidad","status":"publish","type":"page","link":"https:\/\/peptidemanufacturers.com\/es\/privacidad\/","title":{"rendered":"Pol\u00edtica de privacidad"},"content":{"rendered":"<h2>Introducci\u00f3n<\/h2>\n<p>PIONEER PEPTIDE (\u201cnosotros\u201d, \u201cnos\u201d o \u201cnuestro\u201d) se compromete a proteger su privacidad. Esta pol\u00edtica de privacidad explica c\u00f3mo recopilamos, utilizamos, divulgamos y protegemos su informaci\u00f3n cuando visita nuestro sitio web, utiliza nuestros servicios o interact\u00faa con nosotros.<\/p>\n<h2>Informaci\u00f3n que recopilamos<\/h2>\n<p>Podemos recopilar informaci\u00f3n personal que usted nos proporcione voluntariamente cuando se registre en una cuenta, realice un pedido, se suscriba a nuestro bolet\u00edn de noticias o se ponga en contacto con nosotros para realizar consultas.<\/p>\n<h2>C\u00f3mo utilizamos su informaci\u00f3n<\/h2>\n<p>Utilizamos la informaci\u00f3n que recopilamos para procesar y satisfacer sus pedidos, comunicarnos con usted, mejorar nuestro sitio web y nuestros servicios, y cumplir con las obligaciones legales.<\/p>\n<h2>Contacte con nosotros<\/h2>\n<p>Si tiene alguna pregunta sobre esta Pol\u00edtica de privacidad, p\u00f3ngase en contacto con nosotros en contact@pioneerpeptide.com.<\/p>","protected":false},"excerpt":{"rendered":"<p>Introducci\u00f3n PIONEER PEPTIDE (\u201cnosotros\u201d, \u201cnos\u201d o \u201cnuestro\u201d) se compromete a proteger su privacidad. Esta Pol\u00edtica de Privacidad explica c\u00f3mo recogemos, utilizamos, revelamos y salvaguardamos su informaci\u00f3n cuando visita nuestra p\u00e1gina web, utiliza nuestros servicios o interact\u00faa con nosotros. Informaci\u00f3n que recopilamos Podemos recopilar informaci\u00f3n personal que usted nos proporciona voluntariamente cuando se registra [...]<\/p>","protected":false},"author":1,"featured_media":0,"parent":0,"menu_order":0,"comment_status":"closed","ping_status":"closed","template":"page-legal.php","meta":{"footnotes":""},"class_list":["post-16","page","type-page","status-publish","hentry"],"yoast_head":"<!-- This site is optimized with the Yoast SEO Premium plugin v26.8 (Yoast SEO v26.8) - https:\/\/yoast.com\/product\/yoast-seo-premium-wordpress\/ -->\n<title>Privacy Policy - QIANMIAO PEPTIDES<\/title>\n<meta name=\"robots\" content=\"index, follow, max-snippet:-1, max-image-preview:large, max-video-preview:-1\" \/>\n<link rel=\"canonical\" href=\"https:\/\/peptidemanufacturers.com\/es\/privacidad\/\" \/>\n<meta property=\"og:locale\" content=\"es_ES\" \/>\n<meta property=\"og:type\" content=\"article\" \/>\n<meta property=\"og:title\" content=\"Privacy Policy\" \/>\n<meta property=\"og:description\" content=\"Introduction PIONEER PEPTIDE (&#8220;we,&#8221; &#8220;us,&#8221; or &#8220;our&#8221;) is committed to protecting your privacy. This Privacy Policy explains how we collect, use, disclose, and safeguard your information when you visit our website, use our services, or interact with us. Information We Collect We may collect personal information that you voluntarily provide to us when you register [&hellip;]\" \/>\n<meta property=\"og:url\" content=\"https:\/\/peptidemanufacturers.com\/es\/privacidad\/\" \/>\n<meta property=\"og:site_name\" content=\"QIANMIAO PEPTIDES\" \/>\n<meta name=\"twitter:card\" content=\"summary_large_image\" \/>\n<meta name=\"twitter:label1\" content=\"Tiempo de lectura\" \/>\n\t<meta name=\"twitter:data1\" content=\"1 minuto\" \/>\n<script type=\"application\/ld+json\" class=\"yoast-schema-graph\">{\"@context\":\"https:\/\/schema.org\",\"@graph\":[{\"@type\":\"WebPage\",\"@id\":\"https:\/\/peptidemanufacturers.com\/privacy\/\",\"url\":\"https:\/\/peptidemanufacturers.com\/privacy\/\",\"name\":\"Privacy Policy - QIANMIAO PEPTIDES\",\"isPartOf\":{\"@id\":\"https:\/\/peptidemanufacturers.com\/#website\"},\"datePublished\":\"2026-01-25T09:09:18+00:00\",\"breadcrumb\":{\"@id\":\"https:\/\/peptidemanufacturers.com\/privacy\/#breadcrumb\"},\"inLanguage\":\"es\",\"potentialAction\":[{\"@type\":\"ReadAction\",\"target\":[\"https:\/\/peptidemanufacturers.com\/privacy\/\"]}]},{\"@type\":\"BreadcrumbList\",\"@id\":\"https:\/\/peptidemanufacturers.com\/privacy\/#breadcrumb\",\"itemListElement\":[{\"@type\":\"ListItem\",\"position\":1,\"name\":\"Home\",\"item\":\"https:\/\/peptidemanufacturers.com\/\"},{\"@type\":\"ListItem\",\"position\":2,\"name\":\"Privacy Policy\"}]},{\"@type\":\"WebSite\",\"@id\":\"https:\/\/peptidemanufacturers.com\/#website\",\"url\":\"https:\/\/peptidemanufacturers.com\/\",\"name\":\"QIANMIAO PEPTIDES\",\"description\":\"Research Peptides &amp; Laboratory Supplies\",\"potentialAction\":[{\"@type\":\"SearchAction\",\"target\":{\"@type\":\"EntryPoint\",\"urlTemplate\":\"https:\/\/peptidemanufacturers.com\/?s={search_term_string}\"},\"query-input\":{\"@type\":\"PropertyValueSpecification\",\"valueRequired\":true,\"valueName\":\"search_term_string\"}}],\"inLanguage\":\"es\"}]}<\/script>\n<!-- \/ Yoast SEO Premium plugin. -->","yoast_head_json":{"title":"Pol\u00edtica de privacidad - QIANMIAO PEPTIDES","robots":{"index":"index","follow":"follow","max-snippet":"max-snippet:-1","max-image-preview":"max-image-preview:large","max-video-preview":"max-video-preview:-1"},"canonical":"https:\/\/peptidemanufacturers.com\/es\/privacidad\/","og_locale":"es_ES","og_type":"article","og_title":"Privacy Policy","og_description":"Introduction PIONEER PEPTIDE (&#8220;we,&#8221; &#8220;us,&#8221; or &#8220;our&#8221;) is committed to protecting your privacy. This Privacy Policy explains how we collect, use, disclose, and safeguard your information when you visit our website, use our services, or interact with us. Information We Collect We may collect personal information that you voluntarily provide to us when you register [&hellip;]","og_url":"https:\/\/peptidemanufacturers.com\/es\/privacidad\/","og_site_name":"QIANMIAO PEPTIDES","twitter_card":"summary_large_image","twitter_misc":{"Tiempo de lectura":"1 minuto"},"schema":{"@context":"https:\/\/schema.org","@graph":[{"@type":"WebPage","@id":"https:\/\/peptidemanufacturers.com\/privacy\/","url":"https:\/\/peptidemanufacturers.com\/privacy\/","name":"Pol\u00edtica de privacidad - QIANMIAO PEPTIDES","isPartOf":{"@id":"https:\/\/peptidemanufacturers.com\/#website"},"datePublished":"2026-01-25T09:09:18+00:00","breadcrumb":{"@id":"https:\/\/peptidemanufacturers.com\/privacy\/#breadcrumb"},"inLanguage":"es","potentialAction":[{"@type":"ReadAction","target":["https:\/\/peptidemanufacturers.com\/privacy\/"]}]},{"@type":"BreadcrumbList","@id":"https:\/\/peptidemanufacturers.com\/privacy\/#breadcrumb","itemListElement":[{"@type":"ListItem","position":1,"name":"Home","item":"https:\/\/peptidemanufacturers.com\/"},{"@type":"ListItem","position":2,"name":"Privacy Policy"}]},{"@type":"WebSite","@id":"https:\/\/peptidemanufacturers.com\/#website","url":"https:\/\/peptidemanufacturers.com\/","name":"P\u00c9PTIDOS QIANMIAO","description":"P\u00e9ptidos de investigaci\u00f3n y material de laboratorio","potentialAction":[{"@type":"SearchAction","target":{"@type":"EntryPoint","urlTemplate":"https:\/\/peptidemanufacturers.com\/?s={search_term_string}"},"query-input":{"@type":"PropertyValueSpecification","valueRequired":true,"valueName":"search_term_string"}}],"inLanguage":"es"}]}},"jetpack_sharing_enabled":true,"_links":{"self":[{"href":"https:\/\/peptidemanufacturers.com\/es\/wp-json\/wp\/v2\/pages\/16","targetHints":{"allow":["GET"]}}],"collection":[{"href":"https:\/\/peptidemanufacturers.com\/es\/wp-json\/wp\/v2\/pages"}],"about":[{"href":"https:\/\/peptidemanufacturers.com\/es\/wp-json\/wp\/v2\/types\/page"}],"author":[{"embeddable":true,"href":"https:\/\/peptidemanufacturers.com\/es\/wp-json\/wp\/v2\/users\/1"}],"replies":[{"embeddable":true,"href":"https:\/\/peptidemanufacturers.com\/es\/wp-json\/wp\/v2\/comments?post=16"}],"version-history":[{"count":0,"href":"https:\/\/peptidemanufacturers.com\/es\/wp-json\/wp\/v2\/pages\/16\/revisions"}],"wp:attachment":[{"href":"https:\/\/peptidemanufacturers.com\/es\/wp-json\/wp\/v2\/media?parent=16"}],"curies":[{"name":"wp","href":"https:\/\/api.w.org\/{rel}","templated":true}]}}