{"id":18,"date":"2026-01-25T09:09:18","date_gmt":"2026-01-25T09:09:18","guid":{"rendered":"https:\/\/peptidemanufacturers.com\/?page_id=18"},"modified":"2026-01-25T09:09:18","modified_gmt":"2026-01-25T09:09:18","slug":"cookies","status":"publish","type":"page","link":"https:\/\/peptidemanufacturers.com\/de\/cookies\/","title":{"rendered":"Cookie-Richtlinie"},"content":{"rendered":"<h2>Was sind Cookies?<\/h2>\n<p>Cookies sind kleine Textdateien, die auf Ihrem Ger\u00e4t gespeichert werden, wenn Sie unsere Website besuchen. Sie helfen uns, Ihnen ein besseres Erlebnis zu bieten.<\/p>\n<h2>Wie wir Cookies verwenden<\/h2>\n<p>Wir verwenden Cookies, um Ihre Pr\u00e4ferenzen zu speichern, den Website-Verkehr zu analysieren und Inhalte zu personalisieren.<\/p>\n<h2>Verwaltung von Cookies<\/h2>\n<p>Sie k\u00f6nnen Cookies \u00fcber Ihre Browsereinstellungen steuern. Die Deaktivierung von Cookies kann die Funktionalit\u00e4t der Website beeintr\u00e4chtigen.<\/p>\n<h2>Kontakt<\/h2>\n<p>Wenn Sie Fragen zu unserer Cookie-Richtlinie haben, kontaktieren Sie uns bitte unter contact@pioneerpeptide.com.<\/p>","protected":false},"excerpt":{"rendered":"<p>Was sind Cookies Cookies sind kleine Textdateien, die auf Ihrem Ger\u00e4t gespeichert werden, wenn Sie unsere Website besuchen. Sie helfen uns, Ihnen ein besseres Erlebnis zu bieten. Wie wir Cookies verwenden Wir verwenden Cookies, um Ihre Pr\u00e4ferenzen zu speichern, den Website-Verkehr zu analysieren und Inhalte zu personalisieren. Verwaltung von Cookies Sie k\u00f6nnen Cookies \u00fcber Ihre Browsereinstellungen steuern. [...]<\/p>","protected":false},"author":1,"featured_media":0,"parent":0,"menu_order":0,"comment_status":"closed","ping_status":"closed","template":"page-cookies.php","meta":{"footnotes":""},"class_list":["post-18","page","type-page","status-publish","hentry"],"yoast_head":"<!-- This site is optimized with the Yoast SEO Premium plugin v26.8 (Yoast SEO v26.8) - https:\/\/yoast.com\/product\/yoast-seo-premium-wordpress\/ -->\n<title>Cookie Policy - QIANMIAO PEPTIDES<\/title>\n<meta name=\"robots\" content=\"index, follow, max-snippet:-1, max-image-preview:large, max-video-preview:-1\" \/>\n<link rel=\"canonical\" href=\"https:\/\/peptidemanufacturers.com\/de\/cookies\/\" \/>\n<meta property=\"og:locale\" content=\"de_DE\" \/>\n<meta property=\"og:type\" content=\"article\" \/>\n<meta property=\"og:title\" content=\"Cookie Policy\" \/>\n<meta property=\"og:description\" content=\"What Are Cookies Cookies are small text files that are stored on your device when you visit our website. They help us provide you with a better experience. How We Use Cookies We use cookies to remember your preferences, analyze website traffic, and personalize content. Managing Cookies You can control cookies through your browser settings. [&hellip;]\" \/>\n<meta property=\"og:url\" content=\"https:\/\/peptidemanufacturers.com\/de\/cookies\/\" \/>\n<meta property=\"og:site_name\" content=\"QIANMIAO PEPTIDES\" \/>\n<meta name=\"twitter:card\" content=\"summary_large_image\" \/>\n<script type=\"application\/ld+json\" class=\"yoast-schema-graph\">{\"@context\":\"https:\/\/schema.org\",\"@graph\":[{\"@type\":\"WebPage\",\"@id\":\"https:\/\/peptidemanufacturers.com\/cookies\/\",\"url\":\"https:\/\/peptidemanufacturers.com\/cookies\/\",\"name\":\"Cookie Policy - QIANMIAO PEPTIDES\",\"isPartOf\":{\"@id\":\"https:\/\/peptidemanufacturers.com\/#website\"},\"datePublished\":\"2026-01-25T09:09:18+00:00\",\"breadcrumb\":{\"@id\":\"https:\/\/peptidemanufacturers.com\/cookies\/#breadcrumb\"},\"inLanguage\":\"de\",\"potentialAction\":[{\"@type\":\"ReadAction\",\"target\":[\"https:\/\/peptidemanufacturers.com\/cookies\/\"]}]},{\"@type\":\"BreadcrumbList\",\"@id\":\"https:\/\/peptidemanufacturers.com\/cookies\/#breadcrumb\",\"itemListElement\":[{\"@type\":\"ListItem\",\"position\":1,\"name\":\"Home\",\"item\":\"https:\/\/peptidemanufacturers.com\/\"},{\"@type\":\"ListItem\",\"position\":2,\"name\":\"Cookie Policy\"}]},{\"@type\":\"WebSite\",\"@id\":\"https:\/\/peptidemanufacturers.com\/#website\",\"url\":\"https:\/\/peptidemanufacturers.com\/\",\"name\":\"QIANMIAO PEPTIDES\",\"description\":\"Research Peptides &amp; Laboratory Supplies\",\"potentialAction\":[{\"@type\":\"SearchAction\",\"target\":{\"@type\":\"EntryPoint\",\"urlTemplate\":\"https:\/\/peptidemanufacturers.com\/?s={search_term_string}\"},\"query-input\":{\"@type\":\"PropertyValueSpecification\",\"valueRequired\":true,\"valueName\":\"search_term_string\"}}],\"inLanguage\":\"de\"}]}<\/script>\n<!-- \/ Yoast SEO Premium plugin. -->","yoast_head_json":{"title":"Cookie-Richtlinie - QIANMIAO PEPTIDES","robots":{"index":"index","follow":"follow","max-snippet":"max-snippet:-1","max-image-preview":"max-image-preview:large","max-video-preview":"max-video-preview:-1"},"canonical":"https:\/\/peptidemanufacturers.com\/de\/cookies\/","og_locale":"de_DE","og_type":"article","og_title":"Cookie Policy","og_description":"What Are Cookies Cookies are small text files that are stored on your device when you visit our website. They help us provide you with a better experience. How We Use Cookies We use cookies to remember your preferences, analyze website traffic, and personalize content. Managing Cookies You can control cookies through your browser settings. [&hellip;]","og_url":"https:\/\/peptidemanufacturers.com\/de\/cookies\/","og_site_name":"QIANMIAO PEPTIDES","twitter_card":"summary_large_image","schema":{"@context":"https:\/\/schema.org","@graph":[{"@type":"WebPage","@id":"https:\/\/peptidemanufacturers.com\/cookies\/","url":"https:\/\/peptidemanufacturers.com\/cookies\/","name":"Cookie-Richtlinie - QIANMIAO PEPTIDES","isPartOf":{"@id":"https:\/\/peptidemanufacturers.com\/#website"},"datePublished":"2026-01-25T09:09:18+00:00","breadcrumb":{"@id":"https:\/\/peptidemanufacturers.com\/cookies\/#breadcrumb"},"inLanguage":"de","potentialAction":[{"@type":"ReadAction","target":["https:\/\/peptidemanufacturers.com\/cookies\/"]}]},{"@type":"BreadcrumbList","@id":"https:\/\/peptidemanufacturers.com\/cookies\/#breadcrumb","itemListElement":[{"@type":"ListItem","position":1,"name":"Home","item":"https:\/\/peptidemanufacturers.com\/"},{"@type":"ListItem","position":2,"name":"Cookie Policy"}]},{"@type":"WebSite","@id":"https:\/\/peptidemanufacturers.com\/#website","url":"https:\/\/peptidemanufacturers.com\/","name":"QIANMIAO-PEPTIDE","description":"Forschungspeptide &amp; Laborbedarf","potentialAction":[{"@type":"SearchAction","target":{"@type":"EntryPoint","urlTemplate":"https:\/\/peptidemanufacturers.com\/?s={search_term_string}"},"query-input":{"@type":"PropertyValueSpecification","valueRequired":true,"valueName":"search_term_string"}}],"inLanguage":"de"}]}},"jetpack_sharing_enabled":true,"_links":{"self":[{"href":"https:\/\/peptidemanufacturers.com\/de\/wp-json\/wp\/v2\/pages\/18","targetHints":{"allow":["GET"]}}],"collection":[{"href":"https:\/\/peptidemanufacturers.com\/de\/wp-json\/wp\/v2\/pages"}],"about":[{"href":"https:\/\/peptidemanufacturers.com\/de\/wp-json\/wp\/v2\/types\/page"}],"author":[{"embeddable":true,"href":"https:\/\/peptidemanufacturers.com\/de\/wp-json\/wp\/v2\/users\/1"}],"replies":[{"embeddable":true,"href":"https:\/\/peptidemanufacturers.com\/de\/wp-json\/wp\/v2\/comments?post=18"}],"version-history":[{"count":0,"href":"https:\/\/peptidemanufacturers.com\/de\/wp-json\/wp\/v2\/pages\/18\/revisions"}],"wp:attachment":[{"href":"https:\/\/peptidemanufacturers.com\/de\/wp-json\/wp\/v2\/media?parent=18"}],"curies":[{"name":"wp","href":"https:\/\/api.w.org\/{rel}","templated":true}]}}