{"id":17,"date":"2026-01-25T09:09:18","date_gmt":"2026-01-25T09:09:18","guid":{"rendered":"https:\/\/peptidemanufacturers.com\/?page_id=17"},"modified":"2026-01-29T09:06:40","modified_gmt":"2026-01-29T09:06:40","slug":"bedingungen","status":"publish","type":"page","link":"https:\/\/peptidemanufacturers.com\/de\/bedingungen\/","title":{"rendered":"Bedingungen der Dienstleistung"},"content":{"rendered":"<h2>Zustimmung zu den Bedingungen<\/h2>\n<p>Mit dem Zugriff auf die Website und die Dienstleistungen von PIONEER PEPTIDE und deren Nutzung erkl\u00e4ren Sie sich mit diesen Nutzungsbedingungen einverstanden.<\/p>\n<h2>Nutzung von Dienstleistungen<\/h2>\n<p>Sie erkl\u00e4ren sich damit einverstanden, unsere Dienste nur f\u00fcr rechtm\u00e4\u00dfige Zwecke und in \u00dcbereinstimmung mit diesen Bedingungen zu nutzen.<\/p>\n<h2>Geistiges Eigentum<\/h2>\n<p>Der gesamte Inhalt dieser Website ist Eigentum von PIONEER PEPTIDE und ist durch das Urheberrecht und andere Gesetze zum Schutz des geistigen Eigentums gesch\u00fctzt.<\/p>\n<h2>Kontakt<\/h2>\n<p>Wenn Sie Fragen zu diesen Bedingungen haben, kontaktieren Sie uns bitte unter contact@pioneerpeptide.com.<\/p>","protected":false},"excerpt":{"rendered":"<p>Zustimmung zu den Bedingungen Durch den Zugriff auf die Website und die Dienste von PIONEER PEPTIDE und deren Nutzung erkl\u00e4ren Sie sich mit diesen Nutzungsbedingungen einverstanden. Nutzung der Dienste Sie erkl\u00e4ren sich damit einverstanden, unsere Dienste nur f\u00fcr rechtm\u00e4\u00dfige Zwecke und in \u00dcbereinstimmung mit diesen Bedingungen zu nutzen. Geistiges Eigentum Alle Inhalte auf dieser Website sind Eigentum von PIONEER PEPTIDE [...]<\/p>","protected":false},"author":1,"featured_media":0,"parent":0,"menu_order":0,"comment_status":"closed","ping_status":"closed","template":"page-legal.php","meta":{"footnotes":""},"class_list":["post-17","page","type-page","status-publish","hentry"],"yoast_head":"<!-- This site is optimized with the Yoast SEO Premium plugin v26.8 (Yoast SEO v26.8) - https:\/\/yoast.com\/product\/yoast-seo-premium-wordpress\/ -->\n<title>Terms of Service - QIANMIAO PEPTIDES<\/title>\n<meta name=\"description\" content=\"Terms and conditions for using QIANMIAO Peptide services. Read our policies on orders, shipping, returns, and research use requirements.\" \/>\n<meta name=\"robots\" content=\"index, follow, max-snippet:-1, max-image-preview:large, max-video-preview:-1\" \/>\n<link rel=\"canonical\" href=\"https:\/\/peptidemanufacturers.com\/de\/bedingungen\/\" \/>\n<meta property=\"og:locale\" content=\"de_DE\" \/>\n<meta property=\"og:type\" content=\"article\" \/>\n<meta property=\"og:title\" content=\"Terms of Service\" \/>\n<meta property=\"og:description\" content=\"Terms and conditions for using QIANMIAO Peptide services. Read our policies on orders, shipping, returns, and research use requirements.\" \/>\n<meta property=\"og:url\" content=\"https:\/\/peptidemanufacturers.com\/de\/bedingungen\/\" \/>\n<meta property=\"og:site_name\" content=\"QIANMIAO PEPTIDES\" \/>\n<meta property=\"article:modified_time\" content=\"2026-01-29T09:06:40+00:00\" \/>\n<meta name=\"twitter:card\" content=\"summary_large_image\" \/>\n<meta name=\"twitter:label1\" content=\"Gesch\u00e4tzte Lesezeit\" \/>\n\t<meta name=\"twitter:data1\" content=\"1\u00a0Minute\" \/>\n<script type=\"application\/ld+json\" class=\"yoast-schema-graph\">{\"@context\":\"https:\/\/schema.org\",\"@graph\":[{\"@type\":\"WebPage\",\"@id\":\"https:\/\/peptidemanufacturers.com\/terms\/\",\"url\":\"https:\/\/peptidemanufacturers.com\/terms\/\",\"name\":\"Terms of Service - QIANMIAO PEPTIDES\",\"isPartOf\":{\"@id\":\"https:\/\/peptidemanufacturers.com\/#website\"},\"datePublished\":\"2026-01-25T09:09:18+00:00\",\"dateModified\":\"2026-01-29T09:06:40+00:00\",\"description\":\"Terms and conditions for using QIANMIAO Peptide services. Read our policies on orders, shipping, returns, and research use requirements.\",\"breadcrumb\":{\"@id\":\"https:\/\/peptidemanufacturers.com\/terms\/#breadcrumb\"},\"inLanguage\":\"de\",\"potentialAction\":[{\"@type\":\"ReadAction\",\"target\":[\"https:\/\/peptidemanufacturers.com\/terms\/\"]}]},{\"@type\":\"BreadcrumbList\",\"@id\":\"https:\/\/peptidemanufacturers.com\/terms\/#breadcrumb\",\"itemListElement\":[{\"@type\":\"ListItem\",\"position\":1,\"name\":\"Home\",\"item\":\"https:\/\/peptidemanufacturers.com\/\"},{\"@type\":\"ListItem\",\"position\":2,\"name\":\"Terms of Service\"}]},{\"@type\":\"WebSite\",\"@id\":\"https:\/\/peptidemanufacturers.com\/#website\",\"url\":\"https:\/\/peptidemanufacturers.com\/\",\"name\":\"QIANMIAO PEPTIDES\",\"description\":\"Research Peptides &amp; Laboratory Supplies\",\"potentialAction\":[{\"@type\":\"SearchAction\",\"target\":{\"@type\":\"EntryPoint\",\"urlTemplate\":\"https:\/\/peptidemanufacturers.com\/?s={search_term_string}\"},\"query-input\":{\"@type\":\"PropertyValueSpecification\",\"valueRequired\":true,\"valueName\":\"search_term_string\"}}],\"inLanguage\":\"de\"}]}<\/script>\n<!-- \/ Yoast SEO Premium plugin. -->","yoast_head_json":{"title":"Allgemeine Gesch\u00e4ftsbedingungen - QIANMIAO PEPTIDES","description":"Bedingungen f\u00fcr die Nutzung der QIANMIAO-Peptiddienste. Lesen Sie unsere Richtlinien zu Bestellungen, Versand, R\u00fccksendungen und Anforderungen an die Forschung.","robots":{"index":"index","follow":"follow","max-snippet":"max-snippet:-1","max-image-preview":"max-image-preview:large","max-video-preview":"max-video-preview:-1"},"canonical":"https:\/\/peptidemanufacturers.com\/de\/bedingungen\/","og_locale":"de_DE","og_type":"article","og_title":"Terms of Service","og_description":"Terms and conditions for using QIANMIAO Peptide services. Read our policies on orders, shipping, returns, and research use requirements.","og_url":"https:\/\/peptidemanufacturers.com\/de\/bedingungen\/","og_site_name":"QIANMIAO PEPTIDES","article_modified_time":"2026-01-29T09:06:40+00:00","twitter_card":"summary_large_image","twitter_misc":{"Gesch\u00e4tzte Lesezeit":"1\u00a0Minute"},"schema":{"@context":"https:\/\/schema.org","@graph":[{"@type":"WebPage","@id":"https:\/\/peptidemanufacturers.com\/terms\/","url":"https:\/\/peptidemanufacturers.com\/terms\/","name":"Allgemeine Gesch\u00e4ftsbedingungen - QIANMIAO PEPTIDES","isPartOf":{"@id":"https:\/\/peptidemanufacturers.com\/#website"},"datePublished":"2026-01-25T09:09:18+00:00","dateModified":"2026-01-29T09:06:40+00:00","description":"Bedingungen f\u00fcr die Nutzung der QIANMIAO-Peptiddienste. Lesen Sie unsere Richtlinien zu Bestellungen, Versand, R\u00fccksendungen und Anforderungen an die Forschung.","breadcrumb":{"@id":"https:\/\/peptidemanufacturers.com\/terms\/#breadcrumb"},"inLanguage":"de","potentialAction":[{"@type":"ReadAction","target":["https:\/\/peptidemanufacturers.com\/terms\/"]}]},{"@type":"BreadcrumbList","@id":"https:\/\/peptidemanufacturers.com\/terms\/#breadcrumb","itemListElement":[{"@type":"ListItem","position":1,"name":"Home","item":"https:\/\/peptidemanufacturers.com\/"},{"@type":"ListItem","position":2,"name":"Terms of Service"}]},{"@type":"WebSite","@id":"https:\/\/peptidemanufacturers.com\/#website","url":"https:\/\/peptidemanufacturers.com\/","name":"QIANMIAO-PEPTIDE","description":"Forschungspeptide &amp; Laborbedarf","potentialAction":[{"@type":"SearchAction","target":{"@type":"EntryPoint","urlTemplate":"https:\/\/peptidemanufacturers.com\/?s={search_term_string}"},"query-input":{"@type":"PropertyValueSpecification","valueRequired":true,"valueName":"search_term_string"}}],"inLanguage":"de"}]}},"jetpack_sharing_enabled":true,"_links":{"self":[{"href":"https:\/\/peptidemanufacturers.com\/de\/wp-json\/wp\/v2\/pages\/17","targetHints":{"allow":["GET"]}}],"collection":[{"href":"https:\/\/peptidemanufacturers.com\/de\/wp-json\/wp\/v2\/pages"}],"about":[{"href":"https:\/\/peptidemanufacturers.com\/de\/wp-json\/wp\/v2\/types\/page"}],"author":[{"embeddable":true,"href":"https:\/\/peptidemanufacturers.com\/de\/wp-json\/wp\/v2\/users\/1"}],"replies":[{"embeddable":true,"href":"https:\/\/peptidemanufacturers.com\/de\/wp-json\/wp\/v2\/comments?post=17"}],"version-history":[{"count":1,"href":"https:\/\/peptidemanufacturers.com\/de\/wp-json\/wp\/v2\/pages\/17\/revisions"}],"predecessor-version":[{"id":487,"href":"https:\/\/peptidemanufacturers.com\/de\/wp-json\/wp\/v2\/pages\/17\/revisions\/487"}],"wp:attachment":[{"href":"https:\/\/peptidemanufacturers.com\/de\/wp-json\/wp\/v2\/media?parent=17"}],"curies":[{"name":"wp","href":"https:\/\/api.w.org\/{rel}","templated":true}]}}