{"id":16,"date":"2026-01-25T09:09:18","date_gmt":"2026-01-25T09:09:18","guid":{"rendered":"https:\/\/peptidemanufacturers.com\/?page_id=16"},"modified":"2026-01-25T09:09:18","modified_gmt":"2026-01-25T09:09:18","slug":"datenschutz","status":"publish","type":"page","link":"https:\/\/peptidemanufacturers.com\/de\/datenschutz\/","title":{"rendered":"Datenschutzbestimmungen"},"content":{"rendered":"<h2>Einf\u00fchrung<\/h2>\n<p>PIONEER PEPTIDE (\u201cwir\u201d, \u201cuns\u201d oder \u201cunser\u201d) verpflichtet sich, Ihre Privatsph\u00e4re zu sch\u00fctzen. Diese Datenschutzrichtlinie erkl\u00e4rt, wie wir Ihre Daten sammeln, verwenden, offenlegen und sch\u00fctzen, wenn Sie unsere Website besuchen, unsere Dienstleistungen nutzen oder mit uns interagieren.<\/p>\n<h2>Gesammelte Informationen<\/h2>\n<p>Wir k\u00f6nnen personenbezogene Daten erfassen, die Sie uns freiwillig zur Verf\u00fcgung stellen, wenn Sie sich f\u00fcr ein Konto registrieren, eine Bestellung aufgeben, unseren Newsletter abonnieren oder uns mit Anfragen kontaktieren.<\/p>\n<h2>Wie wir Ihre Informationen verwenden<\/h2>\n<p>Wir verwenden die von uns gesammelten Informationen, um Ihre Bestellungen zu bearbeiten und auszuf\u00fchren, mit Ihnen zu kommunizieren, unsere Website und unsere Dienstleistungen zu verbessern und unseren gesetzlichen Verpflichtungen nachzukommen.<\/p>\n<h2>Kontakt<\/h2>\n<p>Wenn Sie Fragen zu dieser Datenschutzrichtlinie haben, kontaktieren Sie uns bitte unter contact@pioneerpeptide.com.<\/p>","protected":false},"excerpt":{"rendered":"<p>Einleitung PIONEER PEPTIDE (\u201cwir\u201d, \u201cuns\u201d oder \u201cunser\u201d) verpflichtet sich, Ihre Privatsph\u00e4re zu sch\u00fctzen. In dieser Datenschutzrichtlinie wird erl\u00e4utert, wie wir Ihre Daten sammeln, verwenden, offenlegen und sch\u00fctzen, wenn Sie unsere Website besuchen, unsere Dienste nutzen oder mit uns in Kontakt treten. Von uns gesammelte Informationen Wir k\u00f6nnen pers\u00f6nliche Informationen sammeln, die Sie uns freiwillig zur Verf\u00fcgung stellen, wenn Sie sich registrieren [...]<\/p>","protected":false},"author":1,"featured_media":0,"parent":0,"menu_order":0,"comment_status":"closed","ping_status":"closed","template":"page-legal.php","meta":{"footnotes":""},"class_list":["post-16","page","type-page","status-publish","hentry"],"yoast_head":"<!-- This site is optimized with the Yoast SEO Premium plugin v26.8 (Yoast SEO v26.8) - https:\/\/yoast.com\/product\/yoast-seo-premium-wordpress\/ -->\n<title>Privacy Policy - QIANMIAO PEPTIDES<\/title>\n<meta name=\"robots\" content=\"index, follow, max-snippet:-1, max-image-preview:large, max-video-preview:-1\" \/>\n<link rel=\"canonical\" href=\"https:\/\/peptidemanufacturers.com\/de\/datenschutz\/\" \/>\n<meta property=\"og:locale\" content=\"de_DE\" \/>\n<meta property=\"og:type\" content=\"article\" \/>\n<meta property=\"og:title\" content=\"Privacy Policy\" \/>\n<meta property=\"og:description\" content=\"Introduction PIONEER PEPTIDE (&#8220;we,&#8221; &#8220;us,&#8221; or &#8220;our&#8221;) is committed to protecting your privacy. This Privacy Policy explains how we collect, use, disclose, and safeguard your information when you visit our website, use our services, or interact with us. Information We Collect We may collect personal information that you voluntarily provide to us when you register [&hellip;]\" \/>\n<meta property=\"og:url\" content=\"https:\/\/peptidemanufacturers.com\/de\/datenschutz\/\" \/>\n<meta property=\"og:site_name\" content=\"QIANMIAO PEPTIDES\" \/>\n<meta name=\"twitter:card\" content=\"summary_large_image\" \/>\n<meta name=\"twitter:label1\" content=\"Gesch\u00e4tzte Lesezeit\" \/>\n\t<meta name=\"twitter:data1\" content=\"1\u00a0Minute\" \/>\n<script type=\"application\/ld+json\" class=\"yoast-schema-graph\">{\"@context\":\"https:\/\/schema.org\",\"@graph\":[{\"@type\":\"WebPage\",\"@id\":\"https:\/\/peptidemanufacturers.com\/privacy\/\",\"url\":\"https:\/\/peptidemanufacturers.com\/privacy\/\",\"name\":\"Privacy Policy - QIANMIAO PEPTIDES\",\"isPartOf\":{\"@id\":\"https:\/\/peptidemanufacturers.com\/#website\"},\"datePublished\":\"2026-01-25T09:09:18+00:00\",\"breadcrumb\":{\"@id\":\"https:\/\/peptidemanufacturers.com\/privacy\/#breadcrumb\"},\"inLanguage\":\"de\",\"potentialAction\":[{\"@type\":\"ReadAction\",\"target\":[\"https:\/\/peptidemanufacturers.com\/privacy\/\"]}]},{\"@type\":\"BreadcrumbList\",\"@id\":\"https:\/\/peptidemanufacturers.com\/privacy\/#breadcrumb\",\"itemListElement\":[{\"@type\":\"ListItem\",\"position\":1,\"name\":\"Home\",\"item\":\"https:\/\/peptidemanufacturers.com\/\"},{\"@type\":\"ListItem\",\"position\":2,\"name\":\"Privacy Policy\"}]},{\"@type\":\"WebSite\",\"@id\":\"https:\/\/peptidemanufacturers.com\/#website\",\"url\":\"https:\/\/peptidemanufacturers.com\/\",\"name\":\"QIANMIAO PEPTIDES\",\"description\":\"Research Peptides &amp; Laboratory Supplies\",\"potentialAction\":[{\"@type\":\"SearchAction\",\"target\":{\"@type\":\"EntryPoint\",\"urlTemplate\":\"https:\/\/peptidemanufacturers.com\/?s={search_term_string}\"},\"query-input\":{\"@type\":\"PropertyValueSpecification\",\"valueRequired\":true,\"valueName\":\"search_term_string\"}}],\"inLanguage\":\"de\"}]}<\/script>\n<!-- \/ Yoast SEO Premium plugin. -->","yoast_head_json":{"title":"Datenschutzrichtlinie - QIANMIAO PEPTIDES","robots":{"index":"index","follow":"follow","max-snippet":"max-snippet:-1","max-image-preview":"max-image-preview:large","max-video-preview":"max-video-preview:-1"},"canonical":"https:\/\/peptidemanufacturers.com\/de\/datenschutz\/","og_locale":"de_DE","og_type":"article","og_title":"Privacy Policy","og_description":"Introduction PIONEER PEPTIDE (&#8220;we,&#8221; &#8220;us,&#8221; or &#8220;our&#8221;) is committed to protecting your privacy. This Privacy Policy explains how we collect, use, disclose, and safeguard your information when you visit our website, use our services, or interact with us. Information We Collect We may collect personal information that you voluntarily provide to us when you register [&hellip;]","og_url":"https:\/\/peptidemanufacturers.com\/de\/datenschutz\/","og_site_name":"QIANMIAO PEPTIDES","twitter_card":"summary_large_image","twitter_misc":{"Gesch\u00e4tzte Lesezeit":"1\u00a0Minute"},"schema":{"@context":"https:\/\/schema.org","@graph":[{"@type":"WebPage","@id":"https:\/\/peptidemanufacturers.com\/privacy\/","url":"https:\/\/peptidemanufacturers.com\/privacy\/","name":"Datenschutzrichtlinie - QIANMIAO PEPTIDES","isPartOf":{"@id":"https:\/\/peptidemanufacturers.com\/#website"},"datePublished":"2026-01-25T09:09:18+00:00","breadcrumb":{"@id":"https:\/\/peptidemanufacturers.com\/privacy\/#breadcrumb"},"inLanguage":"de","potentialAction":[{"@type":"ReadAction","target":["https:\/\/peptidemanufacturers.com\/privacy\/"]}]},{"@type":"BreadcrumbList","@id":"https:\/\/peptidemanufacturers.com\/privacy\/#breadcrumb","itemListElement":[{"@type":"ListItem","position":1,"name":"Home","item":"https:\/\/peptidemanufacturers.com\/"},{"@type":"ListItem","position":2,"name":"Privacy Policy"}]},{"@type":"WebSite","@id":"https:\/\/peptidemanufacturers.com\/#website","url":"https:\/\/peptidemanufacturers.com\/","name":"QIANMIAO-PEPTIDE","description":"Forschungspeptide &amp; Laborbedarf","potentialAction":[{"@type":"SearchAction","target":{"@type":"EntryPoint","urlTemplate":"https:\/\/peptidemanufacturers.com\/?s={search_term_string}"},"query-input":{"@type":"PropertyValueSpecification","valueRequired":true,"valueName":"search_term_string"}}],"inLanguage":"de"}]}},"jetpack_sharing_enabled":true,"_links":{"self":[{"href":"https:\/\/peptidemanufacturers.com\/de\/wp-json\/wp\/v2\/pages\/16","targetHints":{"allow":["GET"]}}],"collection":[{"href":"https:\/\/peptidemanufacturers.com\/de\/wp-json\/wp\/v2\/pages"}],"about":[{"href":"https:\/\/peptidemanufacturers.com\/de\/wp-json\/wp\/v2\/types\/page"}],"author":[{"embeddable":true,"href":"https:\/\/peptidemanufacturers.com\/de\/wp-json\/wp\/v2\/users\/1"}],"replies":[{"embeddable":true,"href":"https:\/\/peptidemanufacturers.com\/de\/wp-json\/wp\/v2\/comments?post=16"}],"version-history":[{"count":0,"href":"https:\/\/peptidemanufacturers.com\/de\/wp-json\/wp\/v2\/pages\/16\/revisions"}],"wp:attachment":[{"href":"https:\/\/peptidemanufacturers.com\/de\/wp-json\/wp\/v2\/media?parent=16"}],"curies":[{"name":"wp","href":"https:\/\/api.w.org\/{rel}","templated":true}]}}